{"id":268,"date":"2021-03-23T09:04:59","date_gmt":"2021-03-23T08:04:59","guid":{"rendered":"https:\/\/thogra.se\/?page_id=268"},"modified":"2023-09-20T14:13:36","modified_gmt":"2023-09-20T12:13:36","slug":"om-thogra","status":"publish","type":"page","link":"https:\/\/thogra.se\/?page_id=268","title":{"rendered":"Om Thogra"},"content":{"rendered":"<h5>FURNITURES WITH EDGE<\/h5>\n<p>&nbsp;<\/p>\n<p>Vi \u00e4r en leverant\u00f6r av m\u00f6bler f\u00f6r alla typer av uttrycksfulla milj\u00f6er. Genom\u00a0v\u00e4rldsomsp\u00e4nnande tillverkning erbjuder vi \u00e4ven prisv\u00e4rda m\u00f6bler\u00a0skapade f\u00f6r dig.<\/p>\n<p>Direktkontakt med tillverkningen ger oss \u00f6vergripande kontroll med effektiva och klimatsmarta leveranser. F\u00f6r att underl\u00e4tta leveransen erbjuder vi smidig lagerh\u00e5llning samt distribution. Vi g\u00f6r den komplicerade m\u00f6belprocessen l\u00e4tt.<\/p>\n<p>&nbsp;<\/p>\n","protected":false},"excerpt":{"rendered":"<p>FURNITURES WITH EDGE &nbsp; Vi \u00e4r en leverant\u00f6r av m\u00f6bler f\u00f6r alla typer av uttrycksfulla milj\u00f6er. Genom\u00a0v\u00e4rldsomsp\u00e4nnande tillverkning erbjuder vi \u00e4ven prisv\u00e4rda m\u00f6bler\u00a0skapade f\u00f6r dig. Direktkontakt med tillverkningen ger oss \u00f6vergripande kontroll med effektiva och klimatsmarta leveranser. F\u00f6r att underl\u00e4tta leveransen erbjuder vi smidig lagerh\u00e5llning samt distribution. Vi g\u00f6r den komplicerade m\u00f6belprocessen l\u00e4tt. &nbsp;<\/p>\n","protected":false},"author":1,"featured_media":0,"parent":0,"menu_order":0,"comment_status":"closed","ping_status":"closed","template":"","meta":{"site-sidebar-layout":"right-sidebar","site-content-layout":"default","ast-site-content-layout":"","site-content-style":"default","site-sidebar-style":"default","ast-global-header-display":"","ast-banner-title-visibility":"","ast-main-header-display":"","ast-hfb-above-header-display":"","ast-hfb-below-header-display":"","ast-hfb-mobile-header-display":"","site-post-title":"","ast-breadcrumbs-content":"","ast-featured-img":"","footer-sml-layout":"","theme-transparent-header-meta":"default","adv-header-id-meta":"","stick-header-meta":"","header-above-stick-meta":"","header-main-stick-meta":"","header-below-stick-meta":"","astra-migrate-meta-layouts":"","ast-page-background-enabled":"default","ast-page-background-meta":{"desktop":{"background-color":"","background-image":"","background-repeat":"repeat","background-position":"center center","background-size":"auto","background-attachment":"scroll","background-type":"","background-media":"","overlay-type":"","overlay-color":"","overlay-gradient":""},"tablet":{"background-color":"","background-image":"","background-repeat":"repeat","background-position":"center center","background-size":"auto","background-attachment":"scroll","background-type":"","background-media":"","overlay-type":"","overlay-color":"","overlay-gradient":""},"mobile":{"background-color":"","background-image":"","background-repeat":"repeat","background-position":"center center","background-size":"auto","background-attachment":"scroll","background-type":"","background-media":"","overlay-type":"","overlay-color":"","overlay-gradient":""}},"ast-content-background-meta":{"desktop":{"background-color":"var(--ast-global-color-5)","background-image":"","background-repeat":"repeat","background-position":"center center","background-size":"auto","background-attachment":"scroll","background-type":"","background-media":"","overlay-type":"","overlay-color":"","overlay-gradient":""},"tablet":{"background-color":"var(--ast-global-color-5)","background-image":"","background-repeat":"repeat","background-position":"center center","background-size":"auto","background-attachment":"scroll","background-type":"","background-media":"","overlay-type":"","overlay-color":"","overlay-gradient":""},"mobile":{"background-color":"var(--ast-global-color-5)","background-image":"","background-repeat":"repeat","background-position":"center center","background-size":"auto","background-attachment":"scroll","background-type":"","background-media":"","overlay-type":"","overlay-color":"","overlay-gradient":""}},"footnotes":""},"class_list":["post-268","page","type-page","status-publish","hentry"],"jetpack_sharing_enabled":true,"_links":{"self":[{"href":"https:\/\/thogra.se\/index.php?rest_route=\/wp\/v2\/pages\/268","targetHints":{"allow":["GET"]}}],"collection":[{"href":"https:\/\/thogra.se\/index.php?rest_route=\/wp\/v2\/pages"}],"about":[{"href":"https:\/\/thogra.se\/index.php?rest_route=\/wp\/v2\/types\/page"}],"author":[{"embeddable":true,"href":"https:\/\/thogra.se\/index.php?rest_route=\/wp\/v2\/users\/1"}],"replies":[{"embeddable":true,"href":"https:\/\/thogra.se\/index.php?rest_route=%2Fwp%2Fv2%2Fcomments&post=268"}],"version-history":[{"count":12,"href":"https:\/\/thogra.se\/index.php?rest_route=\/wp\/v2\/pages\/268\/revisions"}],"predecessor-version":[{"id":6884,"href":"https:\/\/thogra.se\/index.php?rest_route=\/wp\/v2\/pages\/268\/revisions\/6884"}],"wp:attachment":[{"href":"https:\/\/thogra.se\/index.php?rest_route=%2Fwp%2Fv2%2Fmedia&parent=268"}],"curies":[{"name":"wp","href":"https:\/\/api.w.org\/{rel}","templated":true}]}}