{"id":1336,"date":"2021-04-14T11:48:52","date_gmt":"2021-04-14T09:48:52","guid":{"rendered":"https:\/\/thogra.se\/?post_type=product&#038;p=1336"},"modified":"2023-05-17T14:18:10","modified_gmt":"2023-05-17T12:18:10","slug":"lenta-bank","status":"publish","type":"product","link":"https:\/\/thogra.se\/?product=lenta-bank","title":{"rendered":"Lenta Bank"},"content":{"rendered":"<p><a href=\"https:\/\/thogra.se\/wp-content\/uploads\/2021\/04\/Lenta-bank-3d-filer.zip\">Lenta Bank 3D<\/a><\/p>\n","protected":false},"excerpt":{"rendered":"<p>B\u00e4nk med kl\u00e4dd melamin sits i valbart tyg. Benen \u00e4r av solid asktr\u00e4.<br \/>\nB\u00e4nken g\u00e5r \u00e4ven att f\u00e5 i 158 cm. Kostnad tillkommer vid val av st\u00f6rre m\u00e5tt.<br \/>\nKostnad tillkommer vid val av annat tyg \u00e4n tyggrupp A1.<\/p>\n","protected":false},"featured_media":1338,"template":"","meta":{"site-sidebar-layout":"default","site-content-layout":"default","ast-site-content-layout":"","site-content-style":"default","site-sidebar-style":"default","ast-global-header-display":"","ast-banner-title-visibility":"","ast-main-header-display":"","ast-hfb-above-header-display":"","ast-hfb-below-header-display":"","ast-hfb-mobile-header-display":"","site-post-title":"","ast-breadcrumbs-content":"","ast-featured-img":"","footer-sml-layout":"","theme-transparent-header-meta":"default","adv-header-id-meta":"","stick-header-meta":"","header-above-stick-meta":"","header-main-stick-meta":"","header-below-stick-meta":"","astra-migrate-meta-layouts":"","ast-page-background-enabled":"default","ast-page-background-meta":{"desktop":{"background-color":"","background-image":"","background-repeat":"repeat","background-position":"center center","background-size":"auto","background-attachment":"scroll","background-type":"","background-media":"","overlay-type":"","overlay-color":"","overlay-gradient":""},"tablet":{"background-color":"","background-image":"","background-repeat":"repeat","background-position":"center center","background-size":"auto","background-attachment":"scroll","background-type":"","background-media":"","overlay-type":"","overlay-color":"","overlay-gradient":""},"mobile":{"background-color":"","background-image":"","background-repeat":"repeat","background-position":"center center","background-size":"auto","background-attachment":"scroll","background-type":"","background-media":"","overlay-type":"","overlay-color":"","overlay-gradient":""}},"ast-content-background-meta":{"desktop":{"background-color":"var(--ast-global-color-5)","background-image":"","background-repeat":"repeat","background-position":"center center","background-size":"auto","background-attachment":"scroll","background-type":"","background-media":"","overlay-type":"","overlay-color":"","overlay-gradient":""},"tablet":{"background-color":"var(--ast-global-color-5)","background-image":"","background-repeat":"repeat","background-position":"center center","background-size":"auto","background-attachment":"scroll","background-type":"","background-media":"","overlay-type":"","overlay-color":"","overlay-gradient":""},"mobile":{"background-color":"var(--ast-global-color-5)","background-image":"","background-repeat":"repeat","background-position":"center center","background-size":"auto","background-attachment":"scroll","background-type":"","background-media":"","overlay-type":"","overlay-color":"","overlay-gradient":""}}},"product_brand":[],"product_cat":[63,24],"product_tag":[],"class_list":{"0":"post-1336","1":"product","2":"type-product","3":"status-publish","4":"has-post-thumbnail","6":"product_cat-bankar","7":"product_cat-kontorsmobler","8":"align-left","9":"box-shadow-1","10":"box-shadow-3-hover","11":"ast-product-gallery-layout-horizontal","12":"ast-product-tabs-layout-horizontal","14":"first","15":"onbackorder","16":"taxable","17":"shipping-taxable","18":"product-type-simple"},"jetpack_sharing_enabled":true,"_links":{"self":[{"href":"https:\/\/thogra.se\/index.php?rest_route=\/wp\/v2\/product\/1336","targetHints":{"allow":["GET"]}}],"collection":[{"href":"https:\/\/thogra.se\/index.php?rest_route=\/wp\/v2\/product"}],"about":[{"href":"https:\/\/thogra.se\/index.php?rest_route=\/wp\/v2\/types\/product"}],"wp:featuredmedia":[{"embeddable":true,"href":"https:\/\/thogra.se\/index.php?rest_route=\/wp\/v2\/media\/1338"}],"wp:attachment":[{"href":"https:\/\/thogra.se\/index.php?rest_route=%2Fwp%2Fv2%2Fmedia&parent=1336"}],"wp:term":[{"taxonomy":"product_brand","embeddable":true,"href":"https:\/\/thogra.se\/index.php?rest_route=%2Fwp%2Fv2%2Fproduct_brand&post=1336"},{"taxonomy":"product_cat","embeddable":true,"href":"https:\/\/thogra.se\/index.php?rest_route=%2Fwp%2Fv2%2Fproduct_cat&post=1336"},{"taxonomy":"product_tag","embeddable":true,"href":"https:\/\/thogra.se\/index.php?rest_route=%2Fwp%2Fv2%2Fproduct_tag&post=1336"}],"curies":[{"name":"wp","href":"https:\/\/api.w.org\/{rel}","templated":true}]}}