{"id":2820,"date":"2021-05-20T13:46:22","date_gmt":"2021-05-20T11:46:22","guid":{"rendered":"https:\/\/thogra.se\/?post_type=product&#038;p=2820"},"modified":"2021-06-15T14:07:48","modified_gmt":"2021-06-15T12:07:48","slug":"diamente-test","status":"publish","type":"product","link":"https:\/\/thogra.se\/?product=diamente-test","title":{"rendered":"Diamente"},"content":{"rendered":"","protected":false},"excerpt":{"rendered":"<p>Flams\u00e4kert tyg f\u00f6r inomhusmilj\u00f6er.<br \/>\nGjord av 100% polyester. 26 000 martindale.<\/p>\n<p><img decoding=\"async\" src=\"https:\/\/thogra.se\/wp-content\/uploads\/2021\/06\/fire-protection-220x64-1.jpg\" alt=\"\" width=\"220\" height=\"64\" class=\"alignnone size-full wp-image-4165\" srcset=\"https:\/\/i0.wp.com\/thogra.se\/wp-content\/uploads\/2021\/06\/fire-protection-220x64-1.jpg?w=220&amp;ssl=1 220w, https:\/\/i0.wp.com\/thogra.se\/wp-content\/uploads\/2021\/06\/fire-protection-220x64-1.jpg?resize=180%2C52&amp;ssl=1 180w, https:\/\/i0.wp.com\/thogra.se\/wp-content\/uploads\/2021\/06\/fire-protection-220x64-1.jpg?resize=64%2C19&amp;ssl=1 64w\" sizes=\"(max-width: 220px) 100vw, 220px\" \/><br \/>\n<img decoding=\"async\" class=\"alignnone size-medium wp-image-2809\" src=\"https:\/\/thogra.se\/wp-content\/uploads\/2021\/05\/1-300x64.jpg\" alt=\"\" width=\"300\" height=\"64\" srcset=\"https:\/\/i0.wp.com\/thogra.se\/wp-content\/uploads\/2021\/05\/1.jpg?resize=300%2C64&amp;ssl=1 300w, https:\/\/i0.wp.com\/thogra.se\/wp-content\/uploads\/2021\/05\/1.jpg?resize=180%2C39&amp;ssl=1 180w, https:\/\/i0.wp.com\/thogra.se\/wp-content\/uploads\/2021\/05\/1.jpg?resize=64%2C14&amp;ssl=1 64w, https:\/\/i0.wp.com\/thogra.se\/wp-content\/uploads\/2021\/05\/1.jpg?w=350&amp;ssl=1 350w\" sizes=\"(max-width: 300px) 100vw, 300px\" \/><\/p>\n","protected":false},"featured_media":2819,"template":"","meta":{"site-sidebar-layout":"default","site-content-layout":"default","ast-site-content-layout":"","site-content-style":"default","site-sidebar-style":"default","ast-global-header-display":"","ast-banner-title-visibility":"","ast-main-header-display":"","ast-hfb-above-header-display":"","ast-hfb-below-header-display":"","ast-hfb-mobile-header-display":"","site-post-title":"","ast-breadcrumbs-content":"","ast-featured-img":"","footer-sml-layout":"","theme-transparent-header-meta":"default","adv-header-id-meta":"","stick-header-meta":"","header-above-stick-meta":"","header-main-stick-meta":"","header-below-stick-meta":"","astra-migrate-meta-layouts":"","ast-page-background-enabled":"default","ast-page-background-meta":{"desktop":{"background-color":"","background-image":"","background-repeat":"repeat","background-position":"center center","background-size":"auto","background-attachment":"scroll","background-type":"","background-media":"","overlay-type":"","overlay-color":"","overlay-gradient":""},"tablet":{"background-color":"","background-image":"","background-repeat":"repeat","background-position":"center center","background-size":"auto","background-attachment":"scroll","background-type":"","background-media":"","overlay-type":"","overlay-color":"","overlay-gradient":""},"mobile":{"background-color":"","background-image":"","background-repeat":"repeat","background-position":"center center","background-size":"auto","background-attachment":"scroll","background-type":"","background-media":"","overlay-type":"","overlay-color":"","overlay-gradient":""}},"ast-content-background-meta":{"desktop":{"background-color":"var(--ast-global-color-5)","background-image":"","background-repeat":"repeat","background-position":"center center","background-size":"auto","background-attachment":"scroll","background-type":"","background-media":"","overlay-type":"","overlay-color":"","overlay-gradient":""},"tablet":{"background-color":"var(--ast-global-color-5)","background-image":"","background-repeat":"repeat","background-position":"center center","background-size":"auto","background-attachment":"scroll","background-type":"","background-media":"","overlay-type":"","overlay-color":"","overlay-gradient":""},"mobile":{"background-color":"var(--ast-global-color-5)","background-image":"","background-repeat":"repeat","background-position":"center center","background-size":"auto","background-attachment":"scroll","background-type":"","background-media":"","overlay-type":"","overlay-color":"","overlay-gradient":""}}},"product_brand":[],"product_cat":[351,352,354],"product_tag":[],"class_list":{"0":"post-2820","1":"product","2":"type-product","3":"status-publish","4":"has-post-thumbnail","6":"product_cat-tyger","7":"product_cat-mobeltyger","8":"product_cat-monstrat-mobeltyger","9":"align-left","10":"box-shadow-1","11":"box-shadow-3-hover","12":"ast-product-gallery-layout-horizontal","13":"ast-product-tabs-layout-horizontal","15":"first","16":"onbackorder","17":"taxable","18":"shipping-taxable","19":"purchasable","20":"product-type-variable","21":"rtwpvs-product"},"jetpack_sharing_enabled":true,"_links":{"self":[{"href":"https:\/\/thogra.se\/index.php?rest_route=\/wp\/v2\/product\/2820","targetHints":{"allow":["GET"]}}],"collection":[{"href":"https:\/\/thogra.se\/index.php?rest_route=\/wp\/v2\/product"}],"about":[{"href":"https:\/\/thogra.se\/index.php?rest_route=\/wp\/v2\/types\/product"}],"wp:featuredmedia":[{"embeddable":true,"href":"https:\/\/thogra.se\/index.php?rest_route=\/wp\/v2\/media\/2819"}],"wp:attachment":[{"href":"https:\/\/thogra.se\/index.php?rest_route=%2Fwp%2Fv2%2Fmedia&parent=2820"}],"wp:term":[{"taxonomy":"product_brand","embeddable":true,"href":"https:\/\/thogra.se\/index.php?rest_route=%2Fwp%2Fv2%2Fproduct_brand&post=2820"},{"taxonomy":"product_cat","embeddable":true,"href":"https:\/\/thogra.se\/index.php?rest_route=%2Fwp%2Fv2%2Fproduct_cat&post=2820"},{"taxonomy":"product_tag","embeddable":true,"href":"https:\/\/thogra.se\/index.php?rest_route=%2Fwp%2Fv2%2Fproduct_tag&post=2820"}],"curies":[{"name":"wp","href":"https:\/\/api.w.org\/{rel}","templated":true}]}}