{"id":7144,"date":"2024-08-26T11:43:26","date_gmt":"2024-08-26T09:43:26","guid":{"rendered":"https:\/\/thogra.se\/?post_type=product&#038;p=7144"},"modified":"2025-09-10T13:54:45","modified_gmt":"2025-09-10T11:54:45","slug":"alabama-bar","status":"publish","type":"product","link":"https:\/\/thogra.se\/?product=alabama-bar","title":{"rendered":"Alabama bar"},"content":{"rendered":"","protected":false},"excerpt":{"rendered":"<p>Alabama bar representerar enkelhetens elegans och h\u00e4mtar inspiration fr\u00e5n klassiska f\u00e5t\u00f6ljer men med en modern och v\u00e4lkomnande stil. \u00d8 22 mm st\u00e5lr\u00f6rsversionen g\u00f6r den innovativ f\u00f6r att inreda offentliga och privata utrymmen med stil och elegans. Finns \u00e4ven i tr\u00e4.<\/p>\n","protected":false},"featured_media":7145,"template":"","meta":{"site-sidebar-layout":"default","site-content-layout":"","ast-site-content-layout":"default","site-content-style":"default","site-sidebar-style":"default","ast-global-header-display":"","ast-banner-title-visibility":"","ast-main-header-display":"","ast-hfb-above-header-display":"","ast-hfb-below-header-display":"","ast-hfb-mobile-header-display":"","site-post-title":"","ast-breadcrumbs-content":"","ast-featured-img":"","footer-sml-layout":"","theme-transparent-header-meta":"default","adv-header-id-meta":"","stick-header-meta":"","header-above-stick-meta":"","header-main-stick-meta":"","header-below-stick-meta":"","astra-migrate-meta-layouts":"set","ast-page-background-enabled":"default","ast-page-background-meta":{"desktop":{"background-color":"","background-image":"","background-repeat":"repeat","background-position":"center center","background-size":"auto","background-attachment":"scroll","background-type":"","background-media":"","overlay-type":"","overlay-color":"","overlay-gradient":""},"tablet":{"background-color":"","background-image":"","background-repeat":"repeat","background-position":"center center","background-size":"auto","background-attachment":"scroll","background-type":"","background-media":"","overlay-type":"","overlay-color":"","overlay-gradient":""},"mobile":{"background-color":"","background-image":"","background-repeat":"repeat","background-position":"center center","background-size":"auto","background-attachment":"scroll","background-type":"","background-media":"","overlay-type":"","overlay-color":"","overlay-gradient":""}},"ast-content-background-meta":{"desktop":{"background-color":"var(--ast-global-color-5)","background-image":"","background-repeat":"repeat","background-position":"center center","background-size":"auto","background-attachment":"scroll","background-type":"","background-media":"","overlay-type":"","overlay-color":"","overlay-gradient":""},"tablet":{"background-color":"var(--ast-global-color-5)","background-image":"","background-repeat":"repeat","background-position":"center center","background-size":"auto","background-attachment":"scroll","background-type":"","background-media":"","overlay-type":"","overlay-color":"","overlay-gradient":""},"mobile":{"background-color":"var(--ast-global-color-5)","background-image":"","background-repeat":"repeat","background-position":"center center","background-size":"auto","background-attachment":"scroll","background-type":"","background-media":"","overlay-type":"","overlay-color":"","overlay-gradient":""}}},"product_brand":[],"product_cat":[1842,19],"product_tag":[],"class_list":{"0":"post-7144","1":"product","2":"type-product","3":"status-publish","4":"has-post-thumbnail","6":"product_cat-barstolar-living","7":"product_cat-barstolar","8":"align-left","9":"box-shadow-1","10":"box-shadow-3-hover","11":"ast-product-gallery-layout-horizontal","12":"ast-product-gallery-with-no-image","13":"ast-product-tabs-layout-horizontal","15":"first","16":"instock","17":"taxable","18":"shipping-taxable","19":"product-type-simple"},"jetpack_sharing_enabled":true,"_links":{"self":[{"href":"https:\/\/thogra.se\/index.php?rest_route=\/wp\/v2\/product\/7144","targetHints":{"allow":["GET"]}}],"collection":[{"href":"https:\/\/thogra.se\/index.php?rest_route=\/wp\/v2\/product"}],"about":[{"href":"https:\/\/thogra.se\/index.php?rest_route=\/wp\/v2\/types\/product"}],"wp:featuredmedia":[{"embeddable":true,"href":"https:\/\/thogra.se\/index.php?rest_route=\/wp\/v2\/media\/7145"}],"wp:attachment":[{"href":"https:\/\/thogra.se\/index.php?rest_route=%2Fwp%2Fv2%2Fmedia&parent=7144"}],"wp:term":[{"taxonomy":"product_brand","embeddable":true,"href":"https:\/\/thogra.se\/index.php?rest_route=%2Fwp%2Fv2%2Fproduct_brand&post=7144"},{"taxonomy":"product_cat","embeddable":true,"href":"https:\/\/thogra.se\/index.php?rest_route=%2Fwp%2Fv2%2Fproduct_cat&post=7144"},{"taxonomy":"product_tag","embeddable":true,"href":"https:\/\/thogra.se\/index.php?rest_route=%2Fwp%2Fv2%2Fproduct_tag&post=7144"}],"curies":[{"name":"wp","href":"https:\/\/api.w.org\/{rel}","templated":true}]}}