{"id":7192,"date":"2025-02-26T14:34:20","date_gmt":"2025-02-26T13:34:20","guid":{"rendered":"https:\/\/thogra.se\/?post_type=product&#038;p=7192"},"modified":"2025-02-26T14:34:20","modified_gmt":"2025-02-26T13:34:20","slug":"loke-2-sits-soffa","status":"publish","type":"product","link":"https:\/\/thogra.se\/?product=loke-2-sits-soffa","title":{"rendered":"Loke 2 sits soffa"},"content":{"rendered":"<p>Lounge soffa f\u00f6r utomhusmilj\u00f6 som finns i ett antal f\u00e4rger.<\/p>\n<p>F\u00e4rgval &#8211; info vid f\u00f6rfr\u00e5gan.<\/p>\n","protected":false},"excerpt":{"rendered":"<p>Lounge soffa f\u00f6r utomhusmilj\u00f6 som finns i ett antal f\u00e4rger. F\u00e4rgval &#8211; info vid f\u00f6rfr\u00e5gan.<\/p>\n","protected":false},"featured_media":7193,"template":"","meta":{"site-sidebar-layout":"default","site-content-layout":"","ast-site-content-layout":"default","site-content-style":"default","site-sidebar-style":"default","ast-global-header-display":"","ast-banner-title-visibility":"","ast-main-header-display":"","ast-hfb-above-header-display":"","ast-hfb-below-header-display":"","ast-hfb-mobile-header-display":"","site-post-title":"","ast-breadcrumbs-content":"","ast-featured-img":"","footer-sml-layout":"","theme-transparent-header-meta":"default","adv-header-id-meta":"","stick-header-meta":"","header-above-stick-meta":"","header-main-stick-meta":"","header-below-stick-meta":"","astra-migrate-meta-layouts":"set","ast-page-background-enabled":"default","ast-page-background-meta":{"desktop":{"background-color":"","background-image":"","background-repeat":"repeat","background-position":"center center","background-size":"auto","background-attachment":"scroll","background-type":"","background-media":"","overlay-type":"","overlay-color":"","overlay-gradient":""},"tablet":{"background-color":"","background-image":"","background-repeat":"repeat","background-position":"center center","background-size":"auto","background-attachment":"scroll","background-type":"","background-media":"","overlay-type":"","overlay-color":"","overlay-gradient":""},"mobile":{"background-color":"","background-image":"","background-repeat":"repeat","background-position":"center center","background-size":"auto","background-attachment":"scroll","background-type":"","background-media":"","overlay-type":"","overlay-color":"","overlay-gradient":""}},"ast-content-background-meta":{"desktop":{"background-color":"var(--ast-global-color-5)","background-image":"","background-repeat":"repeat","background-position":"center center","background-size":"auto","background-attachment":"scroll","background-type":"","background-media":"","overlay-type":"","overlay-color":"","overlay-gradient":""},"tablet":{"background-color":"var(--ast-global-color-5)","background-image":"","background-repeat":"repeat","background-position":"center center","background-size":"auto","background-attachment":"scroll","background-type":"","background-media":"","overlay-type":"","overlay-color":"","overlay-gradient":""},"mobile":{"background-color":"var(--ast-global-color-5)","background-image":"","background-repeat":"repeat","background-position":"center center","background-size":"auto","background-attachment":"scroll","background-type":"","background-media":"","overlay-type":"","overlay-color":"","overlay-gradient":""}}},"product_brand":[],"product_cat":[27,56],"product_tag":[],"class_list":{"0":"post-7192","1":"product","2":"type-product","3":"status-publish","4":"has-post-thumbnail","6":"product_cat-utemobler","7":"product_cat-loungemobler-utemobler","8":"align-left","9":"box-shadow-1","10":"box-shadow-3-hover","11":"ast-product-gallery-layout-horizontal","12":"ast-product-tabs-layout-horizontal","14":"first","15":"onbackorder","16":"taxable","17":"shipping-taxable","18":"product-type-simple"},"jetpack_sharing_enabled":true,"_links":{"self":[{"href":"https:\/\/thogra.se\/index.php?rest_route=\/wp\/v2\/product\/7192","targetHints":{"allow":["GET"]}}],"collection":[{"href":"https:\/\/thogra.se\/index.php?rest_route=\/wp\/v2\/product"}],"about":[{"href":"https:\/\/thogra.se\/index.php?rest_route=\/wp\/v2\/types\/product"}],"wp:featuredmedia":[{"embeddable":true,"href":"https:\/\/thogra.se\/index.php?rest_route=\/wp\/v2\/media\/7193"}],"wp:attachment":[{"href":"https:\/\/thogra.se\/index.php?rest_route=%2Fwp%2Fv2%2Fmedia&parent=7192"}],"wp:term":[{"taxonomy":"product_brand","embeddable":true,"href":"https:\/\/thogra.se\/index.php?rest_route=%2Fwp%2Fv2%2Fproduct_brand&post=7192"},{"taxonomy":"product_cat","embeddable":true,"href":"https:\/\/thogra.se\/index.php?rest_route=%2Fwp%2Fv2%2Fproduct_cat&post=7192"},{"taxonomy":"product_tag","embeddable":true,"href":"https:\/\/thogra.se\/index.php?rest_route=%2Fwp%2Fv2%2Fproduct_tag&post=7192"}],"curies":[{"name":"wp","href":"https:\/\/api.w.org\/{rel}","templated":true}]}}